{"id":8,"date":"2023-12-14T18:32:44","date_gmt":"2023-12-14T17:32:44","guid":{"rendered":"https:\/\/mulai.groprotex.com\/index.php\/shop\/"},"modified":"2024-01-08T21:30:34","modified_gmt":"2024-01-08T20:30:34","slug":"shop","status":"publish","type":"page","link":"https:\/\/mulai.groprotex.com\/index.php\/shop\/","title":{"rendered":"Boutique"},"content":{"rendered":"\t\t<div data-elementor-type=\"wp-page\" data-elementor-id=\"8\" class=\"elementor elementor-8\">\n\t\t\t\t\t\t\t<div class=\"elementor-element elementor-element-ca49539 e-flex e-con-boxed e-con e-parent\" data-id=\"ca49539\" data-element_type=\"container\" data-settings=\"{&quot;content_width&quot;:&quot;boxed&quot;}\" data-core-v316-plus=\"true\">\n\t\t\t\t\t<div class=\"e-con-inner\">\n\t\t\t\t<div class=\"elementor-element elementor-element-03461ba elementor-widget elementor-widget-konte-products-grid\" data-id=\"03461ba\" data-element_type=\"widget\" data-widget_type=\"konte-products-grid.default\">\n\t\t\t\t<div class=\"elementor-widget-container\">\n\t\t\t\t\t<div class=\"konte-product-grid konte-products konte-product-grid--elementor has-heading konte-product-grid--has-heading\">\n\t\t\t<div class=\"woocommerce columns-4 \"><ul class=\"products hover-slider columns-4\"><li class=\"product konte-product-grid__head\"><h2 class=\"konte-product-grid__title\">MULA\u00cf<\/h2><div class=\"konte-product-grid__description\">Faites l'exp\u00e9rience d'un shopping en ligne exceptionnel avec Mulai. Trouvez la pi\u00e8ce qui vous distingue et incarne votre style unique, o\u00f9 que vous soyez.\nExplorez notre collection exclusive de v\u00eatements uniques et laissez-vous s\u00e9duire par le savoir-faire artisanal au service de votre style personnel.<\/div><\/li><li class=\"product type-product post-3297 status-publish first instock product_cat-boubous product_cat-homme has-post-thumbnail shipping-taxable purchasable product-type-simple\">\n\t<div class=\"product-inner\"><div class=\"product-thumbnail\"><a href=\"https:\/\/mulai.groprotex.com\/index.php\/product\/modele-1\/\" class=\"woocommerce-LoopProduct-link woocommerce-loop-product__link\"><img fetchpriority=\"high\" decoding=\"async\" width=\"680\" height=\"920\" src=\"https:\/\/mulai.groprotex.com\/wp-content\/uploads\/2023\/12\/WhatsApp-Image-2023-12-12-at-21.14.36-680x920.jpeg\" class=\"attachment-woocommerce_thumbnail size-woocommerce_thumbnail\" alt=\"\" \/><\/a><\/div><div class=\"product-summary\"><h2 class=\"woocommerce-loop-product__title\"><a href=\"https:\/\/mulai.groprotex.com\/index.php\/product\/modele-1\/\" class=\"woocommerce-LoopProduct-link woocommerce-loop-product__link\"><\/a><\/h2>\n\t<span class=\"price\"><span class=\"woocommerce-Price-amount amount\"><bdi>100.000<span class=\"woocommerce-Price-currencySymbol\">CFA<\/span><\/bdi><\/span><\/span>\n<div class=\"buttons clearfix\"><a href=\"?add-to-cart=3297\" data-quantity=\"1\" class=\"button product_type_simple add_to_cart_button ajax_add_to_cart woocommerce-loop-product__button\" data-product_id=\"3297\" data-product_sku=\"041\" aria-label=\"Add to cart: &ldquo;&rdquo;\" aria-describedby=\"\" rel=\"nofollow\">Add to cart<\/a><a href=\"https:\/\/mulai.groprotex.com\/index.php\/product\/modele-1\/\" class=\"quick_view_button quick-view-button button\" data-toggle=\"modal\" data-target=\"quick-view-modal\" data-product_id=\"3297\" rel=\"nofollow\">\n\t\t\t\t<span class=\"svg-icon icon-eye size-normal \"><svg role=\"img\"> <use href=\"#eye\" xlink:href=\"#eye\"><\/use> <\/svg><\/span>\n\t\t\t<\/a><a href=\"?add-to-wishlist=3297\" data-quantity=\"1\" data-product_id=\"3297\" data-variations=\"\" class=\"wcboost-wishlist-button wcboost-wishlist-button--theme button wp-element-button wcboost-wishlist-button--ajax\" aria-label=\"Add &ldquo;&rdquo; to the wishlist\">\n\t\t\t<span class=\"wcboost-wishlist-button__icon\"><span class=\"svg-icon icon-heart-o size-normal \"><svg role=\"img\"> <use href=\"#heart-o\" xlink:href=\"#heart-o\"><\/use> <\/svg><\/span><\/span>\n\t\t\t<span class=\"wcboost-wishlist-button__text\">Add to wishlist<\/span>\n\t\t<\/a><\/div><\/div><\/div><\/li>\n<li class=\"product type-product post-3296 status-publish instock product_cat-costumes-africains product_cat-homme has-post-thumbnail shipping-taxable purchasable product-type-simple\">\n\t<div class=\"product-inner\"><div class=\"product-thumbnail\"><a href=\"https:\/\/mulai.groprotex.com\/index.php\/product\/costume-1\/\" class=\"woocommerce-LoopProduct-link woocommerce-loop-product__link\"><img decoding=\"async\" width=\"680\" height=\"920\" src=\"https:\/\/mulai.groprotex.com\/wp-content\/uploads\/2023\/12\/WhatsApp-Image-2023-12-12-at-21.13.46-680x920.jpeg\" class=\"attachment-woocommerce_thumbnail size-woocommerce_thumbnail\" alt=\"\" \/><\/a><\/div><div class=\"product-summary\"><h2 class=\"woocommerce-loop-product__title\"><a href=\"https:\/\/mulai.groprotex.com\/index.php\/product\/costume-1\/\" class=\"woocommerce-LoopProduct-link woocommerce-loop-product__link\"><\/a><\/h2>\n\t<span class=\"price\"><span class=\"woocommerce-Price-amount amount\"><bdi>90.000<span class=\"woocommerce-Price-currencySymbol\">CFA<\/span><\/bdi><\/span><\/span>\n<div class=\"buttons clearfix\"><a href=\"?add-to-cart=3296\" data-quantity=\"1\" class=\"button product_type_simple add_to_cart_button ajax_add_to_cart woocommerce-loop-product__button\" data-product_id=\"3296\" data-product_sku=\"038\" aria-label=\"Add to cart: &ldquo;&rdquo;\" aria-describedby=\"\" rel=\"nofollow\">Add to cart<\/a><a href=\"https:\/\/mulai.groprotex.com\/index.php\/product\/costume-1\/\" class=\"quick_view_button quick-view-button button\" data-toggle=\"modal\" data-target=\"quick-view-modal\" data-product_id=\"3296\" rel=\"nofollow\">\n\t\t\t\t<span class=\"svg-icon icon-eye size-normal \"><svg role=\"img\"> <use href=\"#eye\" xlink:href=\"#eye\"><\/use> <\/svg><\/span>\n\t\t\t<\/a><a href=\"?add-to-wishlist=3296\" data-quantity=\"1\" data-product_id=\"3296\" data-variations=\"\" class=\"wcboost-wishlist-button wcboost-wishlist-button--theme button wp-element-button wcboost-wishlist-button--ajax\" aria-label=\"Add &ldquo;&rdquo; to the wishlist\">\n\t\t\t<span class=\"wcboost-wishlist-button__icon\"><span class=\"svg-icon icon-heart-o size-normal \"><svg role=\"img\"> <use href=\"#heart-o\" xlink:href=\"#heart-o\"><\/use> <\/svg><\/span><\/span>\n\t\t\t<span class=\"wcboost-wishlist-button__text\">Add to wishlist<\/span>\n\t\t<\/a><\/div><\/div><\/div><\/li>\n<li class=\"product type-product post-3295 status-publish instock product_cat-costumes-africains product_cat-homme has-post-thumbnail shipping-taxable purchasable product-type-simple\">\n\t<div class=\"product-inner\"><div class=\"product-thumbnail\"><a href=\"https:\/\/mulai.groprotex.com\/index.php\/product\/costume-2\/\" class=\"woocommerce-LoopProduct-link woocommerce-loop-product__link\"><img decoding=\"async\" width=\"680\" height=\"920\" src=\"https:\/\/mulai.groprotex.com\/wp-content\/uploads\/2023\/12\/WhatsApp-Image-2023-12-12-at-21.13.29-680x920.jpeg\" class=\"attachment-woocommerce_thumbnail size-woocommerce_thumbnail\" alt=\"\" \/><\/a><\/div><div class=\"product-summary\"><h2 class=\"woocommerce-loop-product__title\"><a href=\"https:\/\/mulai.groprotex.com\/index.php\/product\/costume-2\/\" class=\"woocommerce-LoopProduct-link woocommerce-loop-product__link\"><\/a><\/h2>\n\t<span class=\"price\"><span class=\"woocommerce-Price-amount amount\"><bdi>85.000<span class=\"woocommerce-Price-currencySymbol\">CFA<\/span><\/bdi><\/span><\/span>\n<div class=\"buttons clearfix\"><a href=\"?add-to-cart=3295\" data-quantity=\"1\" class=\"button product_type_simple add_to_cart_button ajax_add_to_cart woocommerce-loop-product__button\" data-product_id=\"3295\" data-product_sku=\"034\" aria-label=\"Add to cart: &ldquo;&rdquo;\" aria-describedby=\"\" rel=\"nofollow\">Add to cart<\/a><a href=\"https:\/\/mulai.groprotex.com\/index.php\/product\/costume-2\/\" class=\"quick_view_button quick-view-button button\" data-toggle=\"modal\" data-target=\"quick-view-modal\" data-product_id=\"3295\" rel=\"nofollow\">\n\t\t\t\t<span class=\"svg-icon icon-eye size-normal \"><svg role=\"img\"> <use href=\"#eye\" xlink:href=\"#eye\"><\/use> <\/svg><\/span>\n\t\t\t<\/a><a href=\"?add-to-wishlist=3295\" data-quantity=\"1\" data-product_id=\"3295\" data-variations=\"\" class=\"wcboost-wishlist-button wcboost-wishlist-button--theme button wp-element-button wcboost-wishlist-button--ajax\" aria-label=\"Add &ldquo;&rdquo; to the wishlist\">\n\t\t\t<span class=\"wcboost-wishlist-button__icon\"><span class=\"svg-icon icon-heart-o size-normal \"><svg role=\"img\"> <use href=\"#heart-o\" xlink:href=\"#heart-o\"><\/use> <\/svg><\/span><\/span>\n\t\t\t<span class=\"wcboost-wishlist-button__text\">Add to wishlist<\/span>\n\t\t<\/a><\/div><\/div><\/div><\/li>\n<li class=\"product type-product post-3294 status-publish last instock product_cat-costumes-africains product_cat-homme has-post-thumbnail shipping-taxable purchasable product-type-simple\">\n\t<div class=\"product-inner\"><div class=\"product-thumbnail\"><a href=\"https:\/\/mulai.groprotex.com\/index.php\/product\/costume-3\/\" class=\"woocommerce-LoopProduct-link woocommerce-loop-product__link\"><img loading=\"lazy\" decoding=\"async\" width=\"680\" height=\"920\" src=\"https:\/\/mulai.groprotex.com\/wp-content\/uploads\/2023\/12\/WhatsApp-Image-2023-12-12-at-21.13.15-680x920.jpeg\" class=\"attachment-woocommerce_thumbnail size-woocommerce_thumbnail\" alt=\"\" \/><\/a><\/div><div class=\"product-summary\"><h2 class=\"woocommerce-loop-product__title\"><a href=\"https:\/\/mulai.groprotex.com\/index.php\/product\/costume-3\/\" class=\"woocommerce-LoopProduct-link woocommerce-loop-product__link\"><\/a><\/h2>\n\t<span class=\"price\"><span class=\"woocommerce-Price-amount amount\"><bdi>65.000<span class=\"woocommerce-Price-currencySymbol\">CFA<\/span><\/bdi><\/span><\/span>\n<div class=\"buttons clearfix\"><a href=\"?add-to-cart=3294\" data-quantity=\"1\" class=\"button product_type_simple add_to_cart_button ajax_add_to_cart woocommerce-loop-product__button\" data-product_id=\"3294\" data-product_sku=\"033\" aria-label=\"Add to cart: &ldquo;&rdquo;\" aria-describedby=\"\" rel=\"nofollow\">Add to cart<\/a><a href=\"https:\/\/mulai.groprotex.com\/index.php\/product\/costume-3\/\" class=\"quick_view_button quick-view-button button\" data-toggle=\"modal\" data-target=\"quick-view-modal\" data-product_id=\"3294\" rel=\"nofollow\">\n\t\t\t\t<span class=\"svg-icon icon-eye size-normal \"><svg role=\"img\"> <use href=\"#eye\" xlink:href=\"#eye\"><\/use> <\/svg><\/span>\n\t\t\t<\/a><a href=\"?add-to-wishlist=3294\" data-quantity=\"1\" data-product_id=\"3294\" data-variations=\"\" class=\"wcboost-wishlist-button wcboost-wishlist-button--theme button wp-element-button wcboost-wishlist-button--ajax\" aria-label=\"Add &ldquo;&rdquo; to the wishlist\">\n\t\t\t<span class=\"wcboost-wishlist-button__icon\"><span class=\"svg-icon icon-heart-o size-normal \"><svg role=\"img\"> <use href=\"#heart-o\" xlink:href=\"#heart-o\"><\/use> <\/svg><\/span><\/span>\n\t\t\t<span class=\"wcboost-wishlist-button__text\">Add to wishlist<\/span>\n\t\t<\/a><\/div><\/div><\/div><\/li>\n<li class=\"product type-product post-3293 status-publish first instock product_cat-costumes-africains product_cat-homme has-post-thumbnail shipping-taxable purchasable product-type-simple\">\n\t<div class=\"product-inner\"><div class=\"product-thumbnail\"><a href=\"https:\/\/mulai.groprotex.com\/index.php\/product\/costume-4\/\" class=\"woocommerce-LoopProduct-link woocommerce-loop-product__link\"><img loading=\"lazy\" decoding=\"async\" width=\"680\" height=\"920\" src=\"https:\/\/mulai.groprotex.com\/wp-content\/uploads\/2023\/12\/WhatsApp-Image-2023-12-12-at-21.12.56-680x920.jpeg\" class=\"attachment-woocommerce_thumbnail size-woocommerce_thumbnail\" alt=\"\" \/><\/a><\/div><div class=\"product-summary\"><h2 class=\"woocommerce-loop-product__title\"><a href=\"https:\/\/mulai.groprotex.com\/index.php\/product\/costume-4\/\" class=\"woocommerce-LoopProduct-link woocommerce-loop-product__link\"><\/a><\/h2>\n\t<span class=\"price\"><span class=\"woocommerce-Price-amount amount\"><bdi>50.000<span class=\"woocommerce-Price-currencySymbol\">CFA<\/span><\/bdi><\/span><\/span>\n<div class=\"buttons clearfix\"><a href=\"?add-to-cart=3293\" data-quantity=\"1\" class=\"button product_type_simple add_to_cart_button ajax_add_to_cart woocommerce-loop-product__button\" data-product_id=\"3293\" data-product_sku=\"\" aria-label=\"Add to cart: &ldquo;&rdquo;\" aria-describedby=\"\" rel=\"nofollow\">Add to cart<\/a><a href=\"https:\/\/mulai.groprotex.com\/index.php\/product\/costume-4\/\" class=\"quick_view_button quick-view-button button\" data-toggle=\"modal\" data-target=\"quick-view-modal\" data-product_id=\"3293\" rel=\"nofollow\">\n\t\t\t\t<span class=\"svg-icon icon-eye size-normal \"><svg role=\"img\"> <use href=\"#eye\" xlink:href=\"#eye\"><\/use> <\/svg><\/span>\n\t\t\t<\/a><a href=\"?add-to-wishlist=3293\" data-quantity=\"1\" data-product_id=\"3293\" data-variations=\"\" class=\"wcboost-wishlist-button wcboost-wishlist-button--theme button wp-element-button wcboost-wishlist-button--ajax\" aria-label=\"Add &ldquo;&rdquo; to the wishlist\">\n\t\t\t<span class=\"wcboost-wishlist-button__icon\"><span class=\"svg-icon icon-heart-o size-normal \"><svg role=\"img\"> <use href=\"#heart-o\" xlink:href=\"#heart-o\"><\/use> <\/svg><\/span><\/span>\n\t\t\t<span class=\"wcboost-wishlist-button__text\">Add to wishlist<\/span>\n\t\t<\/a><\/div><\/div><\/div><\/li>\n<li class=\"product type-product post-3292 status-publish instock product_cat-costumes-africains-f product_cat-femme has-post-thumbnail shipping-taxable purchasable product-type-simple\">\n\t<div class=\"product-inner\"><div class=\"product-thumbnail\"><a href=\"https:\/\/mulai.groprotex.com\/index.php\/product\/costume-fem-1\/\" class=\"woocommerce-LoopProduct-link woocommerce-loop-product__link\"><img loading=\"lazy\" decoding=\"async\" width=\"680\" height=\"920\" src=\"https:\/\/mulai.groprotex.com\/wp-content\/uploads\/2023\/12\/WhatsApp-Image-2023-12-12-at-21.12.44-680x920.jpeg\" class=\"attachment-woocommerce_thumbnail size-woocommerce_thumbnail\" alt=\"\" \/><\/a><\/div><div class=\"product-summary\"><h2 class=\"woocommerce-loop-product__title\"><a href=\"https:\/\/mulai.groprotex.com\/index.php\/product\/costume-fem-1\/\" class=\"woocommerce-LoopProduct-link woocommerce-loop-product__link\"><\/a><\/h2>\n\t<span class=\"price\"><span class=\"woocommerce-Price-amount amount\"><bdi>65.000<span class=\"woocommerce-Price-currencySymbol\">CFA<\/span><\/bdi><\/span><\/span>\n<div class=\"buttons clearfix\"><a href=\"?add-to-cart=3292\" data-quantity=\"1\" class=\"button product_type_simple add_to_cart_button ajax_add_to_cart woocommerce-loop-product__button\" data-product_id=\"3292\" data-product_sku=\"030\" aria-label=\"Add to cart: &ldquo;&rdquo;\" aria-describedby=\"\" rel=\"nofollow\">Add to cart<\/a><a href=\"https:\/\/mulai.groprotex.com\/index.php\/product\/costume-fem-1\/\" class=\"quick_view_button quick-view-button button\" data-toggle=\"modal\" data-target=\"quick-view-modal\" data-product_id=\"3292\" rel=\"nofollow\">\n\t\t\t\t<span class=\"svg-icon icon-eye size-normal \"><svg role=\"img\"> <use href=\"#eye\" xlink:href=\"#eye\"><\/use> <\/svg><\/span>\n\t\t\t<\/a><a href=\"?add-to-wishlist=3292\" data-quantity=\"1\" data-product_id=\"3292\" data-variations=\"\" class=\"wcboost-wishlist-button wcboost-wishlist-button--theme button wp-element-button wcboost-wishlist-button--ajax\" aria-label=\"Add &ldquo;&rdquo; to the wishlist\">\n\t\t\t<span class=\"wcboost-wishlist-button__icon\"><span class=\"svg-icon icon-heart-o size-normal \"><svg role=\"img\"> <use href=\"#heart-o\" xlink:href=\"#heart-o\"><\/use> <\/svg><\/span><\/span>\n\t\t\t<span class=\"wcboost-wishlist-button__text\">Add to wishlist<\/span>\n\t\t<\/a><\/div><\/div><\/div><\/li>\n<li class=\"product type-product post-3291 status-publish instock product_cat-boubous product_cat-costumes-africains-f product_cat-femme has-post-thumbnail shipping-taxable purchasable product-type-simple\">\n\t<div class=\"product-inner\"><div class=\"product-thumbnail\"><a href=\"https:\/\/mulai.groprotex.com\/index.php\/product\/costume-fem-2\/\" class=\"woocommerce-LoopProduct-link woocommerce-loop-product__link\"><img loading=\"lazy\" decoding=\"async\" width=\"680\" height=\"920\" src=\"https:\/\/mulai.groprotex.com\/wp-content\/uploads\/2023\/12\/WhatsApp-Image-2023-12-12-at-21.12.34-680x920.jpeg\" class=\"attachment-woocommerce_thumbnail size-woocommerce_thumbnail\" alt=\"\" \/><\/a><\/div><div class=\"product-summary\"><h2 class=\"woocommerce-loop-product__title\"><a href=\"https:\/\/mulai.groprotex.com\/index.php\/product\/costume-fem-2\/\" class=\"woocommerce-LoopProduct-link woocommerce-loop-product__link\"><\/a><\/h2>\n\t<span class=\"price\"><span class=\"woocommerce-Price-amount amount\"><bdi>50.000<span class=\"woocommerce-Price-currencySymbol\">CFA<\/span><\/bdi><\/span><\/span>\n<div class=\"buttons clearfix\"><a href=\"?add-to-cart=3291\" data-quantity=\"1\" class=\"button product_type_simple add_to_cart_button ajax_add_to_cart woocommerce-loop-product__button\" data-product_id=\"3291\" data-product_sku=\"026\" aria-label=\"Add to cart: &ldquo;&rdquo;\" aria-describedby=\"\" rel=\"nofollow\">Add to cart<\/a><a href=\"https:\/\/mulai.groprotex.com\/index.php\/product\/costume-fem-2\/\" class=\"quick_view_button quick-view-button button\" data-toggle=\"modal\" data-target=\"quick-view-modal\" data-product_id=\"3291\" rel=\"nofollow\">\n\t\t\t\t<span class=\"svg-icon icon-eye size-normal \"><svg role=\"img\"> <use href=\"#eye\" xlink:href=\"#eye\"><\/use> <\/svg><\/span>\n\t\t\t<\/a><a href=\"?add-to-wishlist=3291\" data-quantity=\"1\" data-product_id=\"3291\" data-variations=\"\" class=\"wcboost-wishlist-button wcboost-wishlist-button--theme button wp-element-button wcboost-wishlist-button--ajax\" aria-label=\"Add &ldquo;&rdquo; to the wishlist\">\n\t\t\t<span class=\"wcboost-wishlist-button__icon\"><span class=\"svg-icon icon-heart-o size-normal \"><svg role=\"img\"> <use href=\"#heart-o\" xlink:href=\"#heart-o\"><\/use> <\/svg><\/span><\/span>\n\t\t\t<span class=\"wcboost-wishlist-button__text\">Add to wishlist<\/span>\n\t\t<\/a><\/div><\/div><\/div><\/li>\n<li class=\"product type-product post-3287 status-publish last instock product_cat-boubous product_cat-homme has-post-thumbnail shipping-taxable purchasable product-type-simple\">\n\t<div class=\"product-inner\"><div class=\"product-thumbnail product-thumbnails--slider\"><a href=\"https:\/\/mulai.groprotex.com\/index.php\/product\/boubou-2\/\" class=\"woocommerce-LoopProduct-link woocommerce-loop-product__link\"><img loading=\"lazy\" decoding=\"async\" width=\"680\" height=\"920\" src=\"https:\/\/mulai.groprotex.com\/wp-content\/uploads\/2023\/12\/372974232_128338327020407_23556383514766360_n-680x920.jpg\" class=\"attachment-woocommerce_thumbnail size-woocommerce_thumbnail\" alt=\"\" \/><\/a><a href=\"https:\/\/mulai.groprotex.com\/index.php\/product\/boubou-2\/\" class=\"woocommerce-LoopProduct-link woocommerce-loop-product__link\"><img loading=\"lazy\" data-lazy=\"https:\/\/mulai.groprotex.com\/wp-content\/uploads\/2023\/12\/372532893_3431195110523965_5810138519799939597_n-680x920.jpg\" width=\"680\" height=\"920\" alt=\"\" class=\"slick-loading\"><\/a><\/div><div class=\"product-summary\"><h2 class=\"woocommerce-loop-product__title\"><a href=\"https:\/\/mulai.groprotex.com\/index.php\/product\/boubou-2\/\" class=\"woocommerce-LoopProduct-link woocommerce-loop-product__link\"><\/a><\/h2>\n\t<span class=\"price\"><span class=\"woocommerce-Price-amount amount\"><bdi>100.000<span class=\"woocommerce-Price-currencySymbol\">CFA<\/span><\/bdi><\/span><\/span>\n<div class=\"buttons clearfix\"><a href=\"?add-to-cart=3287\" data-quantity=\"1\" class=\"button product_type_simple add_to_cart_button ajax_add_to_cart woocommerce-loop-product__button\" data-product_id=\"3287\" data-product_sku=\"024\" aria-label=\"Add to cart: &ldquo;&rdquo;\" aria-describedby=\"\" rel=\"nofollow\">Add to cart<\/a><a href=\"https:\/\/mulai.groprotex.com\/index.php\/product\/boubou-2\/\" class=\"quick_view_button quick-view-button button\" data-toggle=\"modal\" data-target=\"quick-view-modal\" data-product_id=\"3287\" rel=\"nofollow\">\n\t\t\t\t<span class=\"svg-icon icon-eye size-normal \"><svg role=\"img\"> <use href=\"#eye\" xlink:href=\"#eye\"><\/use> <\/svg><\/span>\n\t\t\t<\/a><a href=\"?add-to-wishlist=3287\" data-quantity=\"1\" data-product_id=\"3287\" data-variations=\"\" class=\"wcboost-wishlist-button wcboost-wishlist-button--theme button wp-element-button wcboost-wishlist-button--ajax\" aria-label=\"Add &ldquo;&rdquo; to the wishlist\">\n\t\t\t<span class=\"wcboost-wishlist-button__icon\"><span class=\"svg-icon icon-heart-o size-normal \"><svg role=\"img\"> <use href=\"#heart-o\" xlink:href=\"#heart-o\"><\/use> <\/svg><\/span><\/span>\n\t\t\t<span class=\"wcboost-wishlist-button__text\">Add to wishlist<\/span>\n\t\t<\/a><\/div><\/div><\/div><\/li>\n<\/ul><\/div>\t\t<\/div>\n\t\t\t\t<\/div>\n\t\t\t\t<\/div>\n\t\t\t\t\t<\/div>\n\t\t\t\t<\/div>\n\t\t\t\t\t\t\t<\/div>\n\t\t","protected":false},"excerpt":{"rendered":"<p>MULA\u00cf Faites l&#8217;exp\u00e9rience d&#8217;un shopping en ligne exceptionnel avec Mulai. Trouvez la pi\u00e8ce qui vous distingue et incarne votre style unique, o\u00f9 que vous soyez. Explorez notre collection exclusive de&hellip;<\/p>\n","protected":false},"author":1,"featured_media":0,"parent":0,"menu_order":0,"comment_status":"closed","ping_status":"closed","template":"","meta":{"footnotes":""},"jetpack_sharing_enabled":true,"_links":{"self":[{"href":"https:\/\/mulai.groprotex.com\/index.php\/wp-json\/wp\/v2\/pages\/8"}],"collection":[{"href":"https:\/\/mulai.groprotex.com\/index.php\/wp-json\/wp\/v2\/pages"}],"about":[{"href":"https:\/\/mulai.groprotex.com\/index.php\/wp-json\/wp\/v2\/types\/page"}],"author":[{"embeddable":true,"href":"https:\/\/mulai.groprotex.com\/index.php\/wp-json\/wp\/v2\/users\/1"}],"replies":[{"embeddable":true,"href":"https:\/\/mulai.groprotex.com\/index.php\/wp-json\/wp\/v2\/comments?post=8"}],"version-history":[{"count":19,"href":"https:\/\/mulai.groprotex.com\/index.php\/wp-json\/wp\/v2\/pages\/8\/revisions"}],"predecessor-version":[{"id":3425,"href":"https:\/\/mulai.groprotex.com\/index.php\/wp-json\/wp\/v2\/pages\/8\/revisions\/3425"}],"wp:attachment":[{"href":"https:\/\/mulai.groprotex.com\/index.php\/wp-json\/wp\/v2\/media?parent=8"}],"curies":[{"name":"wp","href":"https:\/\/api.w.org\/{rel}","templated":true}]}}